{"id":156,"date":"2022-03-10T16:14:10","date_gmt":"2022-03-10T16:14:10","guid":{"rendered":"http:\/\/www.bmxvttdardilly.com\/SITE2022\/?page_id=156"},"modified":"2025-09-13T08:05:24","modified_gmt":"2025-09-13T08:05:24","slug":"creneaux","status":"publish","type":"page","link":"https:\/\/bmxvttdardilly.com\/SITE2022\/creneaux\/","title":{"rendered":"Cr\u00e9neaux"},"content":{"rendered":"\n<p>Ci dessus, un fichier permettant de rendre compte de l&rsquo;ensemble des cr\u00e9neaux d&rsquo;entra\u00eenements qui ont lieu durant la semaine. <\/p>\n\n\n\n<div data-wp-interactive=\"core\/file\" class=\"wp-block-file\"><object data-wp-bind--hidden=\"!state.hasPdfPreview\" hidden class=\"wp-block-file__embed\" data=\"https:\/\/bmxvttdardilly.com\/SITE2022\/wp-content\/uploads\/2025\/07\/Planning-25-26.pdf\" type=\"application\/pdf\" style=\"width:100%;height:600px\" aria-label=\"Contenu embarqu\u00e9 Planning 25-26.\"><\/object><a id=\"wp-block-file--media-3703fb04-188a-4d50-bedd-f4fc21392932\" href=\"https:\/\/bmxvttdardilly.com\/SITE2022\/wp-content\/uploads\/2025\/07\/Planning-25-26.pdf\">Planning 25-26<\/a><a href=\"https:\/\/bmxvttdardilly.com\/SITE2022\/wp-content\/uploads\/2025\/07\/Planning-25-26.pdf\" class=\"wp-block-file__button wp-element-button\" download aria-describedby=\"wp-block-file--media-3703fb04-188a-4d50-bedd-f4fc21392932\">T\u00e9l\u00e9charger<\/a><\/div>\n\n\n\n<h2 class=\"wp-block-heading\">Groupe Section Sportive<\/h2>\n\n\n\n<p>Le groupe Section Sportive est un groupe de jeunes sportifs inscrit dans une fili\u00e8re Sport-\u00c9tude en partenariat avec le Lyc\u00e9e St Louis &#8211; St Bruno (Lyon 1). Pour int\u00e9grer ce groupe de sportifs comp\u00e9titeurs il est n\u00e9cessaire de remplir le dossier d&rsquo;inscription en d\u00e9but de saison. <\/p>\n\n\n\n<p>Cette Section Sportive s&rsquo;adresse \u00e0 des pilotes qui cherchent \u00e0 s&rsquo;am\u00e9liorer et \u00e0 atteindre le haut niveau de pratique, en conciliant vie sportive et vie scolaire.<\/p>\n\n\n\n<h2 class=\"wp-block-heading\">Groupe Loisir Petits &amp; Moyens<\/h2>\n\n\n\n<p>Ces groupes d&rsquo;entrainements sont des groupes qui s&rsquo;adressent aux plus jeunes pratiquant.es. Il s&rsquo;agit l\u00e0 des cr\u00e9neaux permettant l&rsquo;apprentissage des diff\u00e9rentes habilet\u00e9s technique de l&rsquo;activit\u00e9. Ce sont des groupes qui s&rsquo;adressent \u00e0 des jeunes d\u00e9butant.es qui veulent d\u00e9couvrir l&rsquo;activit\u00e9 tout en progressant. <\/p>\n\n\n\n<h2 class=\"wp-block-heading\">Groupe Baby Draisienne<\/h2>\n\n\n\n<p>Le groupe Baby 1 est le groupe de Baby Draisienne. Il s&rsquo;adresse aux enfants de 3 \u00e0 5 ans qui ne savent pas encore bien faire du v\u00e9lo. Ce groupe permet aux jeunes enfants d&rsquo;apprendre l&rsquo;\u00e9quilibre sur des engins \u00e0 deux roues tout en se familiarisant avec les bosses qui composent la piste. <\/p>\n\n\n\n<h2 class=\"wp-block-heading\">Groupe Baby V\u00e9lo<\/h2>\n\n\n\n<p>Les groupes Baby 2&amp;3 sont des groupes qui s&rsquo;adressent aux enfants de 5 \u00e0 7 ans qui d\u00e9butent tout juste le v\u00e9lo. Ces groupes d&rsquo;entra\u00eenements, permettent d&rsquo;am\u00e9liorer l&rsquo;\u00e9quilibre des enfants sur un v\u00e9lo et permettent \u00e0 ces derniers d&rsquo;am\u00e9liorer leur maniabilit\u00e9 avant d&rsquo;int\u00e9grer les groupes d&rsquo;entra\u00eenements Loisir. <\/p>\n\n\n\n<h2 class=\"wp-block-heading\">Groupe Loisir Grands<\/h2>\n\n\n\n<p>Ces groupes concernent des pilotes qui savent faire du BMX et qui cherchent \u00e0 s&rsquo;amuser tout en apprenant de nouvelles techniques sur le v\u00e9lo. Ces groupes sont ouverts \u00e0 toutes et tous.<\/p>\n\n\n\n<figure class=\"wp-block-image size-large\"><img loading=\"lazy\" decoding=\"async\" width=\"1024\" height=\"683\" src=\"https:\/\/bmxvttdardilly.com\/SITE2022\/wp-content\/uploads\/2022\/06\/2022-04-13-BMX-14-16-Mercredi-web-36-1024x683.jpg\" alt=\"\" class=\"wp-image-491\" srcset=\"https:\/\/bmxvttdardilly.com\/SITE2022\/wp-content\/uploads\/2022\/06\/2022-04-13-BMX-14-16-Mercredi-web-36-1024x683.jpg 1024w, https:\/\/bmxvttdardilly.com\/SITE2022\/wp-content\/uploads\/2022\/06\/2022-04-13-BMX-14-16-Mercredi-web-36-300x200.jpg 300w, https:\/\/bmxvttdardilly.com\/SITE2022\/wp-content\/uploads\/2022\/06\/2022-04-13-BMX-14-16-Mercredi-web-36-768x512.jpg 768w, https:\/\/bmxvttdardilly.com\/SITE2022\/wp-content\/uploads\/2022\/06\/2022-04-13-BMX-14-16-Mercredi-web-36-1536x1024.jpg 1536w, https:\/\/bmxvttdardilly.com\/SITE2022\/wp-content\/uploads\/2022\/06\/2022-04-13-BMX-14-16-Mercredi-web-36-1240x826.jpg 1240w, https:\/\/bmxvttdardilly.com\/SITE2022\/wp-content\/uploads\/2022\/06\/2022-04-13-BMX-14-16-Mercredi-web-36-508x339.jpg 508w, https:\/\/bmxvttdardilly.com\/SITE2022\/wp-content\/uploads\/2022\/06\/2022-04-13-BMX-14-16-Mercredi-web-36.jpg 2048w\" sizes=\"auto, (max-width: 1024px) 100vw, 1024px\" \/><\/figure>\n\n\n\n<h2 class=\"wp-block-heading\">Groupe Comp\u00e9titeurs Poussins<\/h2>\n\n\n\n<p><\/p>\n\n\n\n<h2 class=\"wp-block-heading\">Groupe Comp\u00e9titeurs R\u00e9gions<\/h2>\n\n\n\n<p>Comme son nom l&rsquo;indique, ce groupe d&rsquo;entra\u00eenement est destin\u00e9 aux jeunes comp\u00e9titeurs qui aiment s&rsquo;entra\u00eener et qui cherchent \u00e0 progresser dans l&rsquo;optique de participer \u00e0 des comp\u00e9titions. Ces cr\u00e9neaux s&rsquo;adressent \u00e0 des jeunes motiv\u00e9.es et qui sont impliqu\u00e9 dans leur pratique sportive. <\/p>\n\n\n\n<figure class=\"wp-block-image size-large\"><img loading=\"lazy\" decoding=\"async\" width=\"1024\" height=\"683\" src=\"https:\/\/bmxvttdardilly.com\/SITE2022\/wp-content\/uploads\/2022\/06\/2022-05-18-BMX-16-18-Mercredi-web-3-1024x683.jpg\" alt=\"\" class=\"wp-image-493\" srcset=\"https:\/\/bmxvttdardilly.com\/SITE2022\/wp-content\/uploads\/2022\/06\/2022-05-18-BMX-16-18-Mercredi-web-3-1024x683.jpg 1024w, https:\/\/bmxvttdardilly.com\/SITE2022\/wp-content\/uploads\/2022\/06\/2022-05-18-BMX-16-18-Mercredi-web-3-300x200.jpg 300w, https:\/\/bmxvttdardilly.com\/SITE2022\/wp-content\/uploads\/2022\/06\/2022-05-18-BMX-16-18-Mercredi-web-3-768x512.jpg 768w, https:\/\/bmxvttdardilly.com\/SITE2022\/wp-content\/uploads\/2022\/06\/2022-05-18-BMX-16-18-Mercredi-web-3-1536x1024.jpg 1536w, https:\/\/bmxvttdardilly.com\/SITE2022\/wp-content\/uploads\/2022\/06\/2022-05-18-BMX-16-18-Mercredi-web-3-1240x827.jpg 1240w, https:\/\/bmxvttdardilly.com\/SITE2022\/wp-content\/uploads\/2022\/06\/2022-05-18-BMX-16-18-Mercredi-web-3-508x339.jpg 508w, https:\/\/bmxvttdardilly.com\/SITE2022\/wp-content\/uploads\/2022\/06\/2022-05-18-BMX-16-18-Mercredi-web-3.jpg 2047w\" sizes=\"auto, (max-width: 1024px) 100vw, 1024px\" \/><\/figure>\n\n\n\n<h2 class=\"wp-block-heading\">Groupe Grands Comp\u00e9titeurs<\/h2>\n\n\n\n<p>Le groupe comp\u00e9titeur est le groupe o\u00f9 s&rsquo;entra\u00eene les comp\u00e9titeurs Challenge France, ainsi que les membres du Team National, Team Avenir et DN2.<\/p>\n","protected":false},"excerpt":{"rendered":"<p>Ci dessus, un fichier permettant de rendre compte de l&rsquo;ensemble des cr\u00e9neaux d&rsquo;entra\u00eenements qui ont lieu durant la semaine. Groupe Section Sportive Le groupe Section Sportive est un groupe de jeunes sportifs inscrit dans une fili\u00e8re Sport-\u00c9tude en partenariat avec le Lyc\u00e9e St Louis &#8211; St Bruno (Lyon 1). Pour int\u00e9grer ce groupe de sportifs [&hellip;]<\/p>\n","protected":false},"author":1,"featured_media":327,"parent":0,"menu_order":0,"comment_status":"closed","ping_status":"closed","template":"","meta":{"footnotes":""},"class_list":["post-156","page","type-page","status-publish","has-post-thumbnail","hentry"],"_links":{"self":[{"href":"https:\/\/bmxvttdardilly.com\/SITE2022\/wp-json\/wp\/v2\/pages\/156","targetHints":{"allow":["GET"]}}],"collection":[{"href":"https:\/\/bmxvttdardilly.com\/SITE2022\/wp-json\/wp\/v2\/pages"}],"about":[{"href":"https:\/\/bmxvttdardilly.com\/SITE2022\/wp-json\/wp\/v2\/types\/page"}],"author":[{"embeddable":true,"href":"https:\/\/bmxvttdardilly.com\/SITE2022\/wp-json\/wp\/v2\/users\/1"}],"replies":[{"embeddable":true,"href":"https:\/\/bmxvttdardilly.com\/SITE2022\/wp-json\/wp\/v2\/comments?post=156"}],"version-history":[{"count":7,"href":"https:\/\/bmxvttdardilly.com\/SITE2022\/wp-json\/wp\/v2\/pages\/156\/revisions"}],"predecessor-version":[{"id":1493,"href":"https:\/\/bmxvttdardilly.com\/SITE2022\/wp-json\/wp\/v2\/pages\/156\/revisions\/1493"}],"wp:featuredmedia":[{"embeddable":true,"href":"https:\/\/bmxvttdardilly.com\/SITE2022\/wp-json\/wp\/v2\/media\/327"}],"wp:attachment":[{"href":"https:\/\/bmxvttdardilly.com\/SITE2022\/wp-json\/wp\/v2\/media?parent=156"}],"curies":[{"name":"wp","href":"https:\/\/api.w.org\/{rel}","templated":true}]}}