{"id":24,"date":"2022-03-04T19:38:39","date_gmt":"2022-03-04T19:38:39","guid":{"rendered":"http:\/\/www.bmxvttdardilly.com\/SITE2022\/about\/"},"modified":"2022-09-27T12:36:30","modified_gmt":"2022-09-27T12:36:30","slug":"about","status":"publish","type":"page","link":"https:\/\/bmxvttdardilly.com\/SITE2022\/about\/","title":{"rendered":"\u00c0 propos"},"content":{"rendered":"\n<h2 class=\"wp-block-heading\">BMX Dardilly<\/h2>\n\n\n\n<figure class=\"wp-block-image size-large is-style-default\"><img loading=\"lazy\" decoding=\"async\" width=\"1024\" height=\"757\" src=\"http:\/\/www.bmxvttdardilly.com\/SITE2022\/wp-content\/uploads\/2022\/03\/BMX-1-1024x757.png\" alt=\"\" class=\"wp-image-50\" srcset=\"https:\/\/bmxvttdardilly.com\/SITE2022\/wp-content\/uploads\/2022\/03\/BMX-1-1024x757.png 1024w, https:\/\/bmxvttdardilly.com\/SITE2022\/wp-content\/uploads\/2022\/03\/BMX-1-300x222.png 300w, https:\/\/bmxvttdardilly.com\/SITE2022\/wp-content\/uploads\/2022\/03\/BMX-1-768x568.png 768w, https:\/\/bmxvttdardilly.com\/SITE2022\/wp-content\/uploads\/2022\/03\/BMX-1-1200x888.png 1200w, https:\/\/bmxvttdardilly.com\/SITE2022\/wp-content\/uploads\/2022\/03\/BMX-1.png 1264w\" sizes=\"auto, (max-width: 1024px) 100vw, 1024px\" \/><figcaption>Logo du BMX Dardilly<\/figcaption><\/figure>\n\n\n\n<p>Le club de BMX de Dardilly est un club de BMX de l\u2019agglom\u00e9ration Lyonnaise cr\u00e9\u00e9 en 1982. \u00c0 ses d\u00e9buts le club permettait un acc\u00e8s \u00e0 la pratique du BMX Race et du VTT type 4 cross ou dirt. Le club s\u2019est grandement d\u00e9velopp\u00e9 gr\u00e2ce \u00e0 de nombreuses r\u00e9novations des structures d\u2019accueil et gr\u00e2ce \u00e0 la modernisation de la piste de BMX et du mat\u00e9riel n\u00e9cessaire \u00e0 sa bonne pratique en toute saison.<\/p>\n\n\n\n<p>Aujourd\u2019hui le club de BMX de Dardilly est une structure ax\u00e9e sur le progr\u00e8s et le d\u00e9veloppement des jeunes sportifs. Le club a pour volont\u00e9 de transmettre les valeurs du sport, d\u2019initier les plus jeunes aux fondamentaux du v\u00e9lo, que ce soit pour pratiquer le sport comme loisir ou en comp\u00e9tition. Nous divisons le temps en axes d\u2019apprentissages suivants des cr\u00e9neaux d\u2019entrainement que vous retrouvez dans la rubrique entra\u00eenement. Les cr\u00e9neaux comp\u00e9titions sont encadr\u00e9s par Blandine Cottereau (ancienne \u00e9lite Fran\u00e7aise). De plus le club dispose de nombreux encadrants dipl\u00f4m\u00e9s (BEESAN, BPJEPS, Dipl\u00f4mes F\u00e9d\u00e9raux).<\/p>\n\n\n\n<p>C\u2019est le club le plus important du d\u00e9partement, c\u2019est aussi un club majeur de la r\u00e9gion Auvergne Rh\u00f4ne-Alpes. Il existe au sein du club une division nationale (DN2). <\/p>\n\n\n\n<figure class=\"wp-block-image size-large is-resized\"><img loading=\"lazy\" decoding=\"async\" src=\"http:\/\/www.bmxvttdardilly.com\/SITE2022\/wp-content\/uploads\/2022\/03\/8f36be08-bba1-4edb-af18-3c3fb36601a0-1024x542.png\" alt=\"\" class=\"wp-image-248\" width=\"300\" height=\"156\"\/><\/figure>\n\n\n\n<p>Il s\u2019agit d\u2019une \u00e9quipe de pilotes nationaux qui concours pour le titre de champion de France DN2 lors des Coupes de France. Depuis la saison 2020-2021, la FFC a mis en place les \u00c9quipes Avenir. Dans le m\u00eame esprit que les Divisions Nationales, cette \u00c9quipe Avenir regroupe les meilleurs pilotes des cat\u00e9gories cadets \u00e0 juniors et permettent de r\u00e9compenser les meilleurs clubs formateurs de France.<\/p>\n\n\n\n<figure class=\"wp-block-image size-large is-resized\"><img loading=\"lazy\" decoding=\"async\" src=\"http:\/\/www.bmxvttdardilly.com\/SITE2022\/wp-content\/uploads\/2022\/03\/d031b107-9f00-c802-6cfa-3cef5ecabf05-1024x540.png\" alt=\"\" class=\"wp-image-249\" width=\"295\" height=\"155\" srcset=\"https:\/\/bmxvttdardilly.com\/SITE2022\/wp-content\/uploads\/2022\/03\/d031b107-9f00-c802-6cfa-3cef5ecabf05-1024x540.png 1024w, https:\/\/bmxvttdardilly.com\/SITE2022\/wp-content\/uploads\/2022\/03\/d031b107-9f00-c802-6cfa-3cef5ecabf05-300x158.png 300w, https:\/\/bmxvttdardilly.com\/SITE2022\/wp-content\/uploads\/2022\/03\/d031b107-9f00-c802-6cfa-3cef5ecabf05-768x405.png 768w, https:\/\/bmxvttdardilly.com\/SITE2022\/wp-content\/uploads\/2022\/03\/d031b107-9f00-c802-6cfa-3cef5ecabf05-1536x810.png 1536w, https:\/\/bmxvttdardilly.com\/SITE2022\/wp-content\/uploads\/2022\/03\/d031b107-9f00-c802-6cfa-3cef5ecabf05-2048x1080.png 2048w, https:\/\/bmxvttdardilly.com\/SITE2022\/wp-content\/uploads\/2022\/03\/d031b107-9f00-c802-6cfa-3cef5ecabf05-1240x654.png 1240w, https:\/\/bmxvttdardilly.com\/SITE2022\/wp-content\/uploads\/2022\/03\/d031b107-9f00-c802-6cfa-3cef5ecabf05-508x268.png 508w\" sizes=\"auto, (max-width: 295px) 100vw, 295px\" \/><\/figure>\n\n\n\n<p>Le club est affili\u00e9 \u00e0 la F\u00e9d\u00e9ration Fran\u00e7aise de Cyclisme et est labellis\u00e9 Baby V\u00e9lo, \u00c9cole de V\u00e9lo, Club Comp\u00e9tition et Club Cyclisme Sant\u00e9 depuis peu.<\/p>\n\n\n\n<figure class=\"wp-block-image size-full\"><img loading=\"lazy\" decoding=\"async\" width=\"940\" height=\"215\" src=\"http:\/\/www.bmxvttdardilly.com\/SITE2022\/wp-content\/uploads\/2022\/03\/image.jpg\" alt=\"\" class=\"wp-image-250\" srcset=\"https:\/\/bmxvttdardilly.com\/SITE2022\/wp-content\/uploads\/2022\/03\/image.jpg 940w, https:\/\/bmxvttdardilly.com\/SITE2022\/wp-content\/uploads\/2022\/03\/image-300x69.jpg 300w, https:\/\/bmxvttdardilly.com\/SITE2022\/wp-content\/uploads\/2022\/03\/image-768x176.jpg 768w, https:\/\/bmxvttdardilly.com\/SITE2022\/wp-content\/uploads\/2022\/03\/image-508x116.jpg 508w\" sizes=\"auto, (max-width: 940px) 100vw, 940px\" \/><\/figure>\n\n\n\n<ul class=\"wp-block-social-links is-layout-flex wp-block-social-links-is-layout-flex\"><li class=\"wp-social-link wp-social-link-instagram  wp-block-social-link\"><a href=\"https:\/\/www.instagram.com\/bmx_vtt_dardilly\/\" class=\"wp-block-social-link-anchor\"><svg width=\"24\" height=\"24\" viewBox=\"0 0 24 24\" version=\"1.1\" xmlns=\"http:\/\/www.w3.org\/2000\/svg\" aria-hidden=\"true\" focusable=\"false\"><path d=\"M12,4.622c2.403,0,2.688,0.009,3.637,0.052c0.877,0.04,1.354,0.187,1.671,0.31c0.42,0.163,0.72,0.358,1.035,0.673 c0.315,0.315,0.51,0.615,0.673,1.035c0.123,0.317,0.27,0.794,0.31,1.671c0.043,0.949,0.052,1.234,0.052,3.637 s-0.009,2.688-0.052,3.637c-0.04,0.877-0.187,1.354-0.31,1.671c-0.163,0.42-0.358,0.72-0.673,1.035 c-0.315,0.315-0.615,0.51-1.035,0.673c-0.317,0.123-0.794,0.27-1.671,0.31c-0.949,0.043-1.233,0.052-3.637,0.052 s-2.688-0.009-3.637-0.052c-0.877-0.04-1.354-0.187-1.671-0.31c-0.42-0.163-0.72-0.358-1.035-0.673 c-0.315-0.315-0.51-0.615-0.673-1.035c-0.123-0.317-0.27-0.794-0.31-1.671C4.631,14.688,4.622,14.403,4.622,12 s0.009-2.688,0.052-3.637c0.04-0.877,0.187-1.354,0.31-1.671c0.163-0.42,0.358-0.72,0.673-1.035 c0.315-0.315,0.615-0.51,1.035-0.673c0.317-0.123,0.794-0.27,1.671-0.31C9.312,4.631,9.597,4.622,12,4.622 M12,3 C9.556,3,9.249,3.01,8.289,3.054C7.331,3.098,6.677,3.25,6.105,3.472C5.513,3.702,5.011,4.01,4.511,4.511 c-0.5,0.5-0.808,1.002-1.038,1.594C3.25,6.677,3.098,7.331,3.054,8.289C3.01,9.249,3,9.556,3,12c0,2.444,0.01,2.751,0.054,3.711 c0.044,0.958,0.196,1.612,0.418,2.185c0.23,0.592,0.538,1.094,1.038,1.594c0.5,0.5,1.002,0.808,1.594,1.038 c0.572,0.222,1.227,0.375,2.185,0.418C9.249,20.99,9.556,21,12,21s2.751-0.01,3.711-0.054c0.958-0.044,1.612-0.196,2.185-0.418 c0.592-0.23,1.094-0.538,1.594-1.038c0.5-0.5,0.808-1.002,1.038-1.594c0.222-0.572,0.375-1.227,0.418-2.185 C20.99,14.751,21,14.444,21,12s-0.01-2.751-0.054-3.711c-0.044-0.958-0.196-1.612-0.418-2.185c-0.23-0.592-0.538-1.094-1.038-1.594 c-0.5-0.5-1.002-0.808-1.594-1.038c-0.572-0.222-1.227-0.375-2.185-0.418C14.751,3.01,14.444,3,12,3L12,3z M12,7.378 c-2.552,0-4.622,2.069-4.622,4.622S9.448,16.622,12,16.622s4.622-2.069,4.622-4.622S14.552,7.378,12,7.378z M12,15 c-1.657,0-3-1.343-3-3s1.343-3,3-3s3,1.343,3,3S13.657,15,12,15z M16.804,6.116c-0.596,0-1.08,0.484-1.08,1.08 s0.484,1.08,1.08,1.08c0.596,0,1.08-0.484,1.08-1.08S17.401,6.116,16.804,6.116z\"><\/path><\/svg><span class=\"wp-block-social-link-label screen-reader-text\">Instagram<\/span><\/a><\/li>\n\n<li class=\"wp-social-link wp-social-link-facebook  wp-block-social-link\"><a href=\"https:\/\/www.facebook.com\/bmxvttdardilly\" class=\"wp-block-social-link-anchor\"><svg width=\"24\" height=\"24\" viewBox=\"0 0 24 24\" version=\"1.1\" xmlns=\"http:\/\/www.w3.org\/2000\/svg\" aria-hidden=\"true\" focusable=\"false\"><path d=\"M12 2C6.5 2 2 6.5 2 12c0 5 3.7 9.1 8.4 9.9v-7H7.9V12h2.5V9.8c0-2.5 1.5-3.9 3.8-3.9 1.1 0 2.2.2 2.2.2v2.5h-1.3c-1.2 0-1.6.8-1.6 1.6V12h2.8l-.4 2.9h-2.3v7C18.3 21.1 22 17 22 12c0-5.5-4.5-10-10-10z\"><\/path><\/svg><span class=\"wp-block-social-link-label screen-reader-text\">Facebook<\/span><\/a><\/li><\/ul>\n\n\n\n<p><\/p>\n","protected":false},"excerpt":{"rendered":"<p>BMX Dardilly Le club de BMX de Dardilly est un club de BMX de l\u2019agglom\u00e9ration Lyonnaise cr\u00e9\u00e9 en 1982. \u00c0 ses d\u00e9buts le club permettait un acc\u00e8s \u00e0 la pratique du BMX Race et du VTT type 4 cross ou dirt. Le club s\u2019est grandement d\u00e9velopp\u00e9 gr\u00e2ce \u00e0 de nombreuses r\u00e9novations des structures d\u2019accueil et [&hellip;]<\/p>\n","protected":false},"author":1,"featured_media":0,"parent":0,"menu_order":0,"comment_status":"closed","ping_status":"closed","template":"","meta":{"footnotes":""},"class_list":["post-24","page","type-page","status-publish","hentry"],"_links":{"self":[{"href":"https:\/\/bmxvttdardilly.com\/SITE2022\/wp-json\/wp\/v2\/pages\/24","targetHints":{"allow":["GET"]}}],"collection":[{"href":"https:\/\/bmxvttdardilly.com\/SITE2022\/wp-json\/wp\/v2\/pages"}],"about":[{"href":"https:\/\/bmxvttdardilly.com\/SITE2022\/wp-json\/wp\/v2\/types\/page"}],"author":[{"embeddable":true,"href":"https:\/\/bmxvttdardilly.com\/SITE2022\/wp-json\/wp\/v2\/users\/1"}],"replies":[{"embeddable":true,"href":"https:\/\/bmxvttdardilly.com\/SITE2022\/wp-json\/wp\/v2\/comments?post=24"}],"version-history":[{"count":9,"href":"https:\/\/bmxvttdardilly.com\/SITE2022\/wp-json\/wp\/v2\/pages\/24\/revisions"}],"predecessor-version":[{"id":796,"href":"https:\/\/bmxvttdardilly.com\/SITE2022\/wp-json\/wp\/v2\/pages\/24\/revisions\/796"}],"wp:attachment":[{"href":"https:\/\/bmxvttdardilly.com\/SITE2022\/wp-json\/wp\/v2\/media?parent=24"}],"curies":[{"name":"wp","href":"https:\/\/api.w.org\/{rel}","templated":true}]}}