{"id":274,"date":"2022-03-21T10:23:59","date_gmt":"2022-03-21T10:23:59","guid":{"rendered":"http:\/\/www.bmxvttdardilly.com\/SITE2022\/?page_id=274"},"modified":"2022-09-27T12:36:30","modified_gmt":"2022-09-27T12:36:30","slug":"complexe-sportif","status":"publish","type":"page","link":"https:\/\/bmxvttdardilly.com\/SITE2022\/complexe-sportif\/","title":{"rendered":"Complexe Sportif"},"content":{"rendered":"\n<p>Le club de BMX de Dardilly a la chance de disposer de locaux modernes et adapt\u00e9s au d\u00e9veloppement des sportif.ves. Ci dessous, quelques photos des diff\u00e9rentes installations :<\/p>\n\n\n\n<h2 class=\"wp-block-heading\">La piste :<\/h2>\n\n\n\n<figure class=\"wp-block-video\"><video height=\"1080\" style=\"aspect-ratio: 1920 \/ 1080;\" width=\"1920\" controls src=\"http:\/\/www.bmxvttdardilly.com\/SITE2022\/wp-content\/uploads\/2022\/03\/Piste.mp4\"><\/video><\/figure>\n\n\n\n<h2 class=\"wp-block-heading\">La Mini-Piste :<\/h2>\n\n\n\n<figure class=\"wp-block-image size-large\"><img loading=\"lazy\" decoding=\"async\" width=\"1024\" height=\"768\" src=\"http:\/\/www.bmxvttdardilly.com\/SITE2022\/wp-content\/uploads\/2022\/03\/DDADD13C-AC45-41E9-8BBB-0A5DF6FC3130-1024x768.jpeg\" alt=\"\" class=\"wp-image-366\" srcset=\"https:\/\/bmxvttdardilly.com\/SITE2022\/wp-content\/uploads\/2022\/03\/DDADD13C-AC45-41E9-8BBB-0A5DF6FC3130-1024x768.jpeg 1024w, https:\/\/bmxvttdardilly.com\/SITE2022\/wp-content\/uploads\/2022\/03\/DDADD13C-AC45-41E9-8BBB-0A5DF6FC3130-300x225.jpeg 300w, https:\/\/bmxvttdardilly.com\/SITE2022\/wp-content\/uploads\/2022\/03\/DDADD13C-AC45-41E9-8BBB-0A5DF6FC3130-768x576.jpeg 768w, https:\/\/bmxvttdardilly.com\/SITE2022\/wp-content\/uploads\/2022\/03\/DDADD13C-AC45-41E9-8BBB-0A5DF6FC3130-1536x1152.jpeg 1536w, https:\/\/bmxvttdardilly.com\/SITE2022\/wp-content\/uploads\/2022\/03\/DDADD13C-AC45-41E9-8BBB-0A5DF6FC3130-2048x1536.jpeg 2048w, https:\/\/bmxvttdardilly.com\/SITE2022\/wp-content\/uploads\/2022\/03\/DDADD13C-AC45-41E9-8BBB-0A5DF6FC3130-1240x930.jpeg 1240w, https:\/\/bmxvttdardilly.com\/SITE2022\/wp-content\/uploads\/2022\/03\/DDADD13C-AC45-41E9-8BBB-0A5DF6FC3130-508x381.jpeg 508w\" sizes=\"auto, (max-width: 1024px) 100vw, 1024px\" \/><\/figure>\n\n\n\n<h2 class=\"wp-block-heading\"><br>La salle de musculation :<\/h2>\n\n\n\n<figure class=\"wp-block-image size-large\"><img loading=\"lazy\" decoding=\"async\" width=\"768\" height=\"1024\" src=\"http:\/\/www.bmxvttdardilly.com\/SITE2022\/wp-content\/uploads\/2022\/03\/4CA6A8BA-3B52-494A-BCC8-1B2AB3D71243-768x1024.jpeg\" alt=\"\" class=\"wp-image-369\" srcset=\"https:\/\/bmxvttdardilly.com\/SITE2022\/wp-content\/uploads\/2022\/03\/4CA6A8BA-3B52-494A-BCC8-1B2AB3D71243-768x1024.jpeg 768w, https:\/\/bmxvttdardilly.com\/SITE2022\/wp-content\/uploads\/2022\/03\/4CA6A8BA-3B52-494A-BCC8-1B2AB3D71243-225x300.jpeg 225w, https:\/\/bmxvttdardilly.com\/SITE2022\/wp-content\/uploads\/2022\/03\/4CA6A8BA-3B52-494A-BCC8-1B2AB3D71243-1152x1536.jpeg 1152w, https:\/\/bmxvttdardilly.com\/SITE2022\/wp-content\/uploads\/2022\/03\/4CA6A8BA-3B52-494A-BCC8-1B2AB3D71243-1536x2048.jpeg 1536w, https:\/\/bmxvttdardilly.com\/SITE2022\/wp-content\/uploads\/2022\/03\/4CA6A8BA-3B52-494A-BCC8-1B2AB3D71243-1240x1653.jpeg 1240w, https:\/\/bmxvttdardilly.com\/SITE2022\/wp-content\/uploads\/2022\/03\/4CA6A8BA-3B52-494A-BCC8-1B2AB3D71243-508x677.jpeg 508w, https:\/\/bmxvttdardilly.com\/SITE2022\/wp-content\/uploads\/2022\/03\/4CA6A8BA-3B52-494A-BCC8-1B2AB3D71243-scaled.jpeg 1920w\" sizes=\"auto, (max-width: 768px) 100vw, 768px\" \/><\/figure>\n\n\n\n<h2 class=\"wp-block-heading\">Le b\u00e2timent :<\/h2>\n\n\n\n<figure class=\"wp-block-image size-large\"><img loading=\"lazy\" decoding=\"async\" width=\"1024\" height=\"768\" src=\"http:\/\/www.bmxvttdardilly.com\/SITE2022\/wp-content\/uploads\/2022\/03\/94FF1206-126B-4CDE-B769-8B3362998750-1024x768.jpeg\" alt=\"\" class=\"wp-image-367\" srcset=\"https:\/\/bmxvttdardilly.com\/SITE2022\/wp-content\/uploads\/2022\/03\/94FF1206-126B-4CDE-B769-8B3362998750-1024x768.jpeg 1024w, https:\/\/bmxvttdardilly.com\/SITE2022\/wp-content\/uploads\/2022\/03\/94FF1206-126B-4CDE-B769-8B3362998750-300x225.jpeg 300w, https:\/\/bmxvttdardilly.com\/SITE2022\/wp-content\/uploads\/2022\/03\/94FF1206-126B-4CDE-B769-8B3362998750-768x576.jpeg 768w, https:\/\/bmxvttdardilly.com\/SITE2022\/wp-content\/uploads\/2022\/03\/94FF1206-126B-4CDE-B769-8B3362998750-1536x1152.jpeg 1536w, https:\/\/bmxvttdardilly.com\/SITE2022\/wp-content\/uploads\/2022\/03\/94FF1206-126B-4CDE-B769-8B3362998750-2048x1536.jpeg 2048w, https:\/\/bmxvttdardilly.com\/SITE2022\/wp-content\/uploads\/2022\/03\/94FF1206-126B-4CDE-B769-8B3362998750-1240x930.jpeg 1240w, https:\/\/bmxvttdardilly.com\/SITE2022\/wp-content\/uploads\/2022\/03\/94FF1206-126B-4CDE-B769-8B3362998750-508x381.jpeg 508w\" sizes=\"auto, (max-width: 1024px) 100vw, 1024px\" \/><\/figure>\n\n\n\n<figure class=\"wp-block-image size-large\"><img loading=\"lazy\" decoding=\"async\" width=\"1024\" height=\"768\" src=\"http:\/\/www.bmxvttdardilly.com\/SITE2022\/wp-content\/uploads\/2022\/03\/C31E17B1-219E-43DB-9C4A-DAB0A31F6005-1024x768.jpeg\" alt=\"\" class=\"wp-image-368\" srcset=\"https:\/\/bmxvttdardilly.com\/SITE2022\/wp-content\/uploads\/2022\/03\/C31E17B1-219E-43DB-9C4A-DAB0A31F6005-1024x768.jpeg 1024w, https:\/\/bmxvttdardilly.com\/SITE2022\/wp-content\/uploads\/2022\/03\/C31E17B1-219E-43DB-9C4A-DAB0A31F6005-300x225.jpeg 300w, https:\/\/bmxvttdardilly.com\/SITE2022\/wp-content\/uploads\/2022\/03\/C31E17B1-219E-43DB-9C4A-DAB0A31F6005-768x576.jpeg 768w, https:\/\/bmxvttdardilly.com\/SITE2022\/wp-content\/uploads\/2022\/03\/C31E17B1-219E-43DB-9C4A-DAB0A31F6005-1536x1152.jpeg 1536w, https:\/\/bmxvttdardilly.com\/SITE2022\/wp-content\/uploads\/2022\/03\/C31E17B1-219E-43DB-9C4A-DAB0A31F6005-2048x1536.jpeg 2048w, https:\/\/bmxvttdardilly.com\/SITE2022\/wp-content\/uploads\/2022\/03\/C31E17B1-219E-43DB-9C4A-DAB0A31F6005-1240x930.jpeg 1240w, https:\/\/bmxvttdardilly.com\/SITE2022\/wp-content\/uploads\/2022\/03\/C31E17B1-219E-43DB-9C4A-DAB0A31F6005-508x381.jpeg 508w\" sizes=\"auto, (max-width: 1024px) 100vw, 1024px\" \/><\/figure>\n","protected":false},"excerpt":{"rendered":"<p>Le club de BMX de Dardilly a la chance de disposer de locaux modernes et adapt\u00e9s au d\u00e9veloppement des sportif.ves. Ci dessous, quelques photos des diff\u00e9rentes installations : La piste : La Mini-Piste : La salle de musculation : Le b\u00e2timent :<\/p>\n","protected":false},"author":1,"featured_media":0,"parent":0,"menu_order":0,"comment_status":"closed","ping_status":"closed","template":"","meta":{"footnotes":""},"class_list":["post-274","page","type-page","status-publish","hentry"],"_links":{"self":[{"href":"https:\/\/bmxvttdardilly.com\/SITE2022\/wp-json\/wp\/v2\/pages\/274","targetHints":{"allow":["GET"]}}],"collection":[{"href":"https:\/\/bmxvttdardilly.com\/SITE2022\/wp-json\/wp\/v2\/pages"}],"about":[{"href":"https:\/\/bmxvttdardilly.com\/SITE2022\/wp-json\/wp\/v2\/types\/page"}],"author":[{"embeddable":true,"href":"https:\/\/bmxvttdardilly.com\/SITE2022\/wp-json\/wp\/v2\/users\/1"}],"replies":[{"embeddable":true,"href":"https:\/\/bmxvttdardilly.com\/SITE2022\/wp-json\/wp\/v2\/comments?post=274"}],"version-history":[{"count":12,"href":"https:\/\/bmxvttdardilly.com\/SITE2022\/wp-json\/wp\/v2\/pages\/274\/revisions"}],"predecessor-version":[{"id":414,"href":"https:\/\/bmxvttdardilly.com\/SITE2022\/wp-json\/wp\/v2\/pages\/274\/revisions\/414"}],"wp:attachment":[{"href":"https:\/\/bmxvttdardilly.com\/SITE2022\/wp-json\/wp\/v2\/media?parent=274"}],"curies":[{"name":"wp","href":"https:\/\/api.w.org\/{rel}","templated":true}]}}