{"id":294,"date":"2022-03-21T10:48:27","date_gmt":"2022-03-21T10:48:27","guid":{"rendered":"http:\/\/www.bmxvttdardilly.com\/SITE2022\/?page_id=294"},"modified":"2025-06-19T06:51:29","modified_gmt":"2025-06-19T06:51:29","slug":"organigramme","status":"publish","type":"page","link":"https:\/\/bmxvttdardilly.com\/SITE2022\/organigramme\/","title":{"rendered":"Organigramme"},"content":{"rendered":"\n<h2 class=\"wp-block-heading\">Bureau : <\/h2>\n\n\n\n<p>Pr\u00e9sidents : Mr Bodin Jonathan<\/p>\n\n\n\n<p>Vice Pr\u00e9sidente : Mme Comtet Pauline, Mme Rius Axelle<\/p>\n\n\n\n<p>Tr\u00e9sori\u00e8re : Mme Sonia De Flue<\/p>\n\n\n\n<p>Secr\u00e9taire : Mme Vaginay Delphine, Mme Bonnet Annabelle, <\/p>\n\n\n\n<h2 class=\"wp-block-heading\">\u00c9quipe Encadrante :<\/h2>\n\n\n\n<p>Mr Won Fah Hin Tom<\/p>\n\n\n\n<p>Mr Mounier Alexis<\/p>\n\n\n\n<p>Mme Rius Axelle<\/p>\n\n\n\n<p>Mr Bretin Athur<\/p>\n\n\n\n<p>Mr Bourgeay Cl\u00e9ment<\/p>\n\n\n\n<p><\/p>\n","protected":false},"excerpt":{"rendered":"<p>Bureau : Pr\u00e9sidents : Mr Bodin Jonathan Vice Pr\u00e9sidente : Mme Comtet Pauline, Mme Rius Axelle Tr\u00e9sori\u00e8re : Mme Sonia De Flue Secr\u00e9taire : Mme Vaginay Delphine, Mme Bonnet Annabelle, \u00c9quipe Encadrante : Mr Won Fah Hin Tom Mr Mounier Alexis Mme Rius Axelle Mr Bretin Athur Mr Bourgeay Cl\u00e9ment<\/p>\n","protected":false},"author":1,"featured_media":0,"parent":0,"menu_order":0,"comment_status":"closed","ping_status":"closed","template":"","meta":{"footnotes":""},"class_list":["post-294","page","type-page","status-publish","hentry"],"_links":{"self":[{"href":"https:\/\/bmxvttdardilly.com\/SITE2022\/wp-json\/wp\/v2\/pages\/294","targetHints":{"allow":["GET"]}}],"collection":[{"href":"https:\/\/bmxvttdardilly.com\/SITE2022\/wp-json\/wp\/v2\/pages"}],"about":[{"href":"https:\/\/bmxvttdardilly.com\/SITE2022\/wp-json\/wp\/v2\/types\/page"}],"author":[{"embeddable":true,"href":"https:\/\/bmxvttdardilly.com\/SITE2022\/wp-json\/wp\/v2\/users\/1"}],"replies":[{"embeddable":true,"href":"https:\/\/bmxvttdardilly.com\/SITE2022\/wp-json\/wp\/v2\/comments?post=294"}],"version-history":[{"count":13,"href":"https:\/\/bmxvttdardilly.com\/SITE2022\/wp-json\/wp\/v2\/pages\/294\/revisions"}],"predecessor-version":[{"id":1422,"href":"https:\/\/bmxvttdardilly.com\/SITE2022\/wp-json\/wp\/v2\/pages\/294\/revisions\/1422"}],"wp:attachment":[{"href":"https:\/\/bmxvttdardilly.com\/SITE2022\/wp-json\/wp\/v2\/media?parent=294"}],"curies":[{"name":"wp","href":"https:\/\/api.w.org\/{rel}","templated":true}]}}